{"id":3794,"date":"2022-03-03T12:23:54","date_gmt":"2022-03-03T12:23:54","guid":{"rendered":"https:\/\/newhse.pl\/?post_type=product&#038;p=3794"},"modified":"2026-01-19T11:42:55","modified_gmt":"2026-01-19T11:42:55","slug":"nebosh-hse-safety-leadership-excellence","status":"publish","type":"product","link":"https:\/\/newhse.pl\/en\/shop\/nebosh-hse-safety-leadership-excellence\/","title":{"rendered":"<b><u>Course<\/u><\/b> NEBOSH HSE Certificate in Health and Safety Leadership Excellence"},"content":{"rendered":"","protected":false},"excerpt":{"rendered":"<p><strong>Price includes:<\/strong><\/p>\n<ul>\n<li>Real time interactive virtual workshops<\/li>\n<li>Tutor led Course, 1 day including assessment<\/li>\n<li><strong><b>Exam cost\u00a0<\/b><\/strong>Op\u0142ata egzaminacyjna (62 GBP) jest przekazywana bezpo\u015brednio do NEBOSH.<\/li>\n<\/ul>","protected":false},"featured_media":3796,"comment_status":"open","ping_status":"closed","template":"","meta":{"site-sidebar-layout":"default","site-content-layout":"","ast-site-content-layout":"default","site-content-style":"default","site-sidebar-style":"default","ast-global-header-display":"","ast-banner-title-visibility":"","ast-main-header-display":"","ast-hfb-above-header-display":"","ast-hfb-below-header-display":"","ast-hfb-mobile-header-display":"","site-post-title":"","ast-breadcrumbs-content":"","ast-featured-img":"","footer-sml-layout":"","theme-transparent-header-meta":"default","adv-header-id-meta":"","stick-header-meta":"","header-above-stick-meta":"","header-main-stick-meta":"","header-below-stick-meta":"","astra-migrate-meta-layouts":"set","ast-page-background-enabled":"default","ast-page-background-meta":{"desktop":{"background-color":"var(--ast-global-color-5)","background-image":"","background-repeat":"repeat","background-position":"center center","background-size":"auto","background-attachment":"scroll","background-type":"","background-media":"","overlay-type":"","overlay-color":"","overlay-opacity":"","overlay-gradient":""},"tablet":{"background-color":"","background-image":"","background-repeat":"repeat","background-position":"center center","background-size":"auto","background-attachment":"scroll","background-type":"","background-media":"","overlay-type":"","overlay-color":"","overlay-opacity":"","overlay-gradient":""},"mobile":{"background-color":"","background-image":"","background-repeat":"repeat","background-position":"center center","background-size":"auto","background-attachment":"scroll","background-type":"","background-media":"","overlay-type":"","overlay-color":"","overlay-opacity":"","overlay-gradient":""}},"ast-content-background-meta":{"desktop":{"background-color":"var(--ast-global-color-4)","background-image":"","background-repeat":"repeat","background-position":"center center","background-size":"auto","background-attachment":"scroll","background-type":"","background-media":"","overlay-type":"","overlay-color":"","overlay-opacity":"","overlay-gradient":""},"tablet":{"background-color":"var(--ast-global-color-4)","background-image":"","background-repeat":"repeat","background-position":"center center","background-size":"auto","background-attachment":"scroll","background-type":"","background-media":"","overlay-type":"","overlay-color":"","overlay-opacity":"","overlay-gradient":""},"mobile":{"background-color":"var(--ast-global-color-4)","background-image":"","background-repeat":"repeat","background-position":"center center","background-size":"auto","background-attachment":"scroll","background-type":"","background-media":"","overlay-type":"","overlay-color":"","overlay-opacity":"","overlay-gradient":""}}},"product_brand":[],"product_cat":[41],"product_tag":[98,96,86,84,87],"class_list":{"0":"post-3794","1":"product","2":"type-product","3":"status-publish","4":"has-post-thumbnail","6":"product_cat-nebosh","7":"product_tag-leadership","8":"product_tag-nebosh","9":"product_tag-hse","10":"product_tag-newhse","11":"product_tag-safety","12":"desktop-align-left","13":"tablet-align-left","14":"mobile-align-left","16":"first","17":"instock","18":"virtual","19":"taxable","20":"purchasable","21":"product-type-simple"},"yoast_head":"<!-- This site is optimized with the Yoast SEO plugin v27.3 - https:\/\/yoast.com\/product\/yoast-seo-wordpress\/ -->\n<title>Kurs: NEBOSH HSE Certificate in Health and Safety Leadership Excellence -<\/title>\n<meta name=\"robots\" content=\"index, follow, max-snippet:-1, max-image-preview:large, max-video-preview:-1\" \/>\n<link rel=\"canonical\" href=\"https:\/\/newhse.pl\/en\/shop\/nebosh-hse-safety-leadership-excellence\/\" \/>\n<meta property=\"og:locale\" content=\"en_GB\" \/>\n<meta property=\"og:type\" content=\"article\" \/>\n<meta property=\"og:title\" content=\"Kurs: NEBOSH HSE Certificate in Health and Safety Leadership Excellence -\" \/>\n<meta property=\"og:description\" content=\"Cena zawiera:   Interaktywne wirtualne warsztaty w czasie rzeczywistym  Kurs prowadzony przez wyk\u0142adowc\u0119, 1 dzie\u0144 z egzaminem  Koszt egzaminu\u00a0Op\u0142ata egzaminacyjna (62 GBP) jest przekazywana bezpo\u015brednio do NEBOSH.\" \/>\n<meta property=\"og:url\" content=\"https:\/\/newhse.pl\/en\/shop\/nebosh-hse-safety-leadership-excellence\/\" \/>\n<meta property=\"article:publisher\" content=\"https:\/\/www.facebook.com\/newhse.nebosh\" \/>\n<meta property=\"article:modified_time\" content=\"2026-01-19T11:42:55+00:00\" \/>\n<meta property=\"og:image\" content=\"https:\/\/newhse.pl\/wp-content\/uploads\/2022\/03\/ikony-sklep-4.jpg\" \/>\n\t<meta property=\"og:image:width\" content=\"265\" \/>\n\t<meta property=\"og:image:height\" content=\"265\" \/>\n\t<meta property=\"og:image:type\" content=\"image\/jpeg\" \/>\n<meta name=\"twitter:card\" content=\"summary_large_image\" \/>\n<meta name=\"twitter:label1\" content=\"Estimated reading time\" \/>\n\t<meta name=\"twitter:data1\" content=\"1 minute\" \/>\n<script type=\"application\/ld+json\" class=\"yoast-schema-graph\">{\"@context\":\"https:\\\/\\\/schema.org\",\"@graph\":[{\"@type\":\"WebPage\",\"@id\":\"https:\\\/\\\/newhse.pl\\\/en\\\/shop\\\/nebosh-hse-safety-leadership-excellence\\\/\",\"url\":\"https:\\\/\\\/newhse.pl\\\/en\\\/shop\\\/nebosh-hse-safety-leadership-excellence\\\/\",\"name\":\"Kurs: NEBOSH HSE Certificate in Health and Safety Leadership Excellence -\",\"isPartOf\":{\"@id\":\"https:\\\/\\\/newhse.pl\\\/en\\\/#website\"},\"primaryImageOfPage\":{\"@id\":\"https:\\\/\\\/newhse.pl\\\/en\\\/shop\\\/nebosh-hse-safety-leadership-excellence\\\/#primaryimage\"},\"image\":{\"@id\":\"https:\\\/\\\/newhse.pl\\\/en\\\/shop\\\/nebosh-hse-safety-leadership-excellence\\\/#primaryimage\"},\"thumbnailUrl\":\"https:\\\/\\\/newhse.pl\\\/wp-content\\\/uploads\\\/2022\\\/03\\\/ikony-sklep-4.jpg\",\"datePublished\":\"2022-03-03T12:23:54+00:00\",\"dateModified\":\"2026-01-19T11:42:55+00:00\",\"breadcrumb\":{\"@id\":\"https:\\\/\\\/newhse.pl\\\/en\\\/shop\\\/nebosh-hse-safety-leadership-excellence\\\/#breadcrumb\"},\"inLanguage\":\"en-GB\",\"potentialAction\":[{\"@type\":\"ReadAction\",\"target\":[\"https:\\\/\\\/newhse.pl\\\/en\\\/shop\\\/nebosh-hse-safety-leadership-excellence\\\/\"]}]},{\"@type\":\"ImageObject\",\"inLanguage\":\"en-GB\",\"@id\":\"https:\\\/\\\/newhse.pl\\\/en\\\/shop\\\/nebosh-hse-safety-leadership-excellence\\\/#primaryimage\",\"url\":\"https:\\\/\\\/newhse.pl\\\/wp-content\\\/uploads\\\/2022\\\/03\\\/ikony-sklep-4.jpg\",\"contentUrl\":\"https:\\\/\\\/newhse.pl\\\/wp-content\\\/uploads\\\/2022\\\/03\\\/ikony-sklep-4.jpg\",\"width\":265,\"height\":265},{\"@type\":\"BreadcrumbList\",\"@id\":\"https:\\\/\\\/newhse.pl\\\/en\\\/shop\\\/nebosh-hse-safety-leadership-excellence\\\/#breadcrumb\",\"itemListElement\":[{\"@type\":\"ListItem\",\"position\":1,\"name\":\"Strona g\u0142\u00f3wna\",\"item\":\"https:\\\/\\\/newhse.pl\\\/\"},{\"@type\":\"ListItem\",\"position\":2,\"name\":\"Sklep\",\"item\":\"https:\\\/\\\/newhse.pl\\\/shop\\\/\"},{\"@type\":\"ListItem\",\"position\":3,\"name\":\"Kurs: NEBOSH HSE Certificate in Health and Safety Leadership Excellence\"}]},{\"@type\":\"WebSite\",\"@id\":\"https:\\\/\\\/newhse.pl\\\/en\\\/#website\",\"url\":\"https:\\\/\\\/newhse.pl\\\/en\\\/\",\"name\":\"\",\"description\":\"Journey with C.A.R.E\",\"publisher\":{\"@id\":\"https:\\\/\\\/newhse.pl\\\/en\\\/#organization\"},\"potentialAction\":[{\"@type\":\"SearchAction\",\"target\":{\"@type\":\"EntryPoint\",\"urlTemplate\":\"https:\\\/\\\/newhse.pl\\\/en\\\/?s={search_term_string}\"},\"query-input\":{\"@type\":\"PropertyValueSpecification\",\"valueRequired\":true,\"valueName\":\"search_term_string\"}}],\"inLanguage\":\"en-GB\"},{\"@type\":\"Organization\",\"@id\":\"https:\\\/\\\/newhse.pl\\\/en\\\/#organization\",\"name\":\"NEW HSE Jennet Arshimova\",\"url\":\"https:\\\/\\\/newhse.pl\\\/en\\\/\",\"logo\":{\"@type\":\"ImageObject\",\"inLanguage\":\"en-GB\",\"@id\":\"https:\\\/\\\/newhse.pl\\\/en\\\/#\\\/schema\\\/logo\\\/image\\\/\",\"url\":\"https:\\\/\\\/newhse.pl\\\/wp-content\\\/uploads\\\/2021\\\/02\\\/cropped-NEW-HSE.png\",\"contentUrl\":\"https:\\\/\\\/newhse.pl\\\/wp-content\\\/uploads\\\/2021\\\/02\\\/cropped-NEW-HSE.png\",\"width\":512,\"height\":512,\"caption\":\"NEW HSE Jennet Arshimova\"},\"image\":{\"@id\":\"https:\\\/\\\/newhse.pl\\\/en\\\/#\\\/schema\\\/logo\\\/image\\\/\"},\"sameAs\":[\"https:\\\/\\\/www.facebook.com\\\/newhse.nebosh\",\"https:\\\/\\\/www.linkedin.com\\\/company\\\/newhse\\\/\"]}]}<\/script>\n<!-- \/ Yoast SEO plugin. -->","yoast_head_json":{"title":"Kurs: NEBOSH HSE Certificate in Health and Safety Leadership Excellence -","robots":{"index":"index","follow":"follow","max-snippet":"max-snippet:-1","max-image-preview":"max-image-preview:large","max-video-preview":"max-video-preview:-1"},"canonical":"https:\/\/newhse.pl\/en\/shop\/nebosh-hse-safety-leadership-excellence\/","og_locale":"en_GB","og_type":"article","og_title":"Kurs: NEBOSH HSE Certificate in Health and Safety Leadership Excellence -","og_description":"Cena zawiera:   Interaktywne wirtualne warsztaty w czasie rzeczywistym  Kurs prowadzony przez wyk\u0142adowc\u0119, 1 dzie\u0144 z egzaminem  Koszt egzaminu\u00a0Op\u0142ata egzaminacyjna (62 GBP) jest przekazywana bezpo\u015brednio do NEBOSH.","og_url":"https:\/\/newhse.pl\/en\/shop\/nebosh-hse-safety-leadership-excellence\/","article_publisher":"https:\/\/www.facebook.com\/newhse.nebosh","article_modified_time":"2026-01-19T11:42:55+00:00","og_image":[{"width":265,"height":265,"url":"https:\/\/newhse.pl\/wp-content\/uploads\/2022\/03\/ikony-sklep-4.jpg","type":"image\/jpeg"}],"twitter_card":"summary_large_image","twitter_misc":{"Estimated reading time":"1 minute"},"schema":{"@context":"https:\/\/schema.org","@graph":[{"@type":"WebPage","@id":"https:\/\/newhse.pl\/en\/shop\/nebosh-hse-safety-leadership-excellence\/","url":"https:\/\/newhse.pl\/en\/shop\/nebosh-hse-safety-leadership-excellence\/","name":"Kurs: NEBOSH HSE Certificate in Health and Safety Leadership Excellence -","isPartOf":{"@id":"https:\/\/newhse.pl\/en\/#website"},"primaryImageOfPage":{"@id":"https:\/\/newhse.pl\/en\/shop\/nebosh-hse-safety-leadership-excellence\/#primaryimage"},"image":{"@id":"https:\/\/newhse.pl\/en\/shop\/nebosh-hse-safety-leadership-excellence\/#primaryimage"},"thumbnailUrl":"https:\/\/newhse.pl\/wp-content\/uploads\/2022\/03\/ikony-sklep-4.jpg","datePublished":"2022-03-03T12:23:54+00:00","dateModified":"2026-01-19T11:42:55+00:00","breadcrumb":{"@id":"https:\/\/newhse.pl\/en\/shop\/nebosh-hse-safety-leadership-excellence\/#breadcrumb"},"inLanguage":"en-GB","potentialAction":[{"@type":"ReadAction","target":["https:\/\/newhse.pl\/en\/shop\/nebosh-hse-safety-leadership-excellence\/"]}]},{"@type":"ImageObject","inLanguage":"en-GB","@id":"https:\/\/newhse.pl\/en\/shop\/nebosh-hse-safety-leadership-excellence\/#primaryimage","url":"https:\/\/newhse.pl\/wp-content\/uploads\/2022\/03\/ikony-sklep-4.jpg","contentUrl":"https:\/\/newhse.pl\/wp-content\/uploads\/2022\/03\/ikony-sklep-4.jpg","width":265,"height":265},{"@type":"BreadcrumbList","@id":"https:\/\/newhse.pl\/en\/shop\/nebosh-hse-safety-leadership-excellence\/#breadcrumb","itemListElement":[{"@type":"ListItem","position":1,"name":"Strona g\u0142\u00f3wna","item":"https:\/\/newhse.pl\/"},{"@type":"ListItem","position":2,"name":"Sklep","item":"https:\/\/newhse.pl\/shop\/"},{"@type":"ListItem","position":3,"name":"Kurs: NEBOSH HSE Certificate in Health and Safety Leadership Excellence"}]},{"@type":"WebSite","@id":"https:\/\/newhse.pl\/en\/#website","url":"https:\/\/newhse.pl\/en\/","name":"","description":"Journey with C.A.R.E","publisher":{"@id":"https:\/\/newhse.pl\/en\/#organization"},"potentialAction":[{"@type":"SearchAction","target":{"@type":"EntryPoint","urlTemplate":"https:\/\/newhse.pl\/en\/?s={search_term_string}"},"query-input":{"@type":"PropertyValueSpecification","valueRequired":true,"valueName":"search_term_string"}}],"inLanguage":"en-GB"},{"@type":"Organization","@id":"https:\/\/newhse.pl\/en\/#organization","name":"NEW HSE Jennet Arshimova","url":"https:\/\/newhse.pl\/en\/","logo":{"@type":"ImageObject","inLanguage":"en-GB","@id":"https:\/\/newhse.pl\/en\/#\/schema\/logo\/image\/","url":"https:\/\/newhse.pl\/wp-content\/uploads\/2021\/02\/cropped-NEW-HSE.png","contentUrl":"https:\/\/newhse.pl\/wp-content\/uploads\/2021\/02\/cropped-NEW-HSE.png","width":512,"height":512,"caption":"NEW HSE Jennet Arshimova"},"image":{"@id":"https:\/\/newhse.pl\/en\/#\/schema\/logo\/image\/"},"sameAs":["https:\/\/www.facebook.com\/newhse.nebosh","https:\/\/www.linkedin.com\/company\/newhse\/"]}]}},"_links":{"self":[{"href":"https:\/\/newhse.pl\/en\/wp-json\/wp\/v2\/product\/3794","targetHints":{"allow":["GET"]}}],"collection":[{"href":"https:\/\/newhse.pl\/en\/wp-json\/wp\/v2\/product"}],"about":[{"href":"https:\/\/newhse.pl\/en\/wp-json\/wp\/v2\/types\/product"}],"replies":[{"embeddable":true,"href":"https:\/\/newhse.pl\/en\/wp-json\/wp\/v2\/comments?post=3794"}],"version-history":[{"count":4,"href":"https:\/\/newhse.pl\/en\/wp-json\/wp\/v2\/product\/3794\/revisions"}],"predecessor-version":[{"id":9636,"href":"https:\/\/newhse.pl\/en\/wp-json\/wp\/v2\/product\/3794\/revisions\/9636"}],"wp:featuredmedia":[{"embeddable":true,"href":"https:\/\/newhse.pl\/en\/wp-json\/wp\/v2\/media\/3796"}],"wp:attachment":[{"href":"https:\/\/newhse.pl\/en\/wp-json\/wp\/v2\/media?parent=3794"}],"wp:term":[{"taxonomy":"product_brand","embeddable":true,"href":"https:\/\/newhse.pl\/en\/wp-json\/wp\/v2\/product_brand?post=3794"},{"taxonomy":"product_cat","embeddable":true,"href":"https:\/\/newhse.pl\/en\/wp-json\/wp\/v2\/product_cat?post=3794"},{"taxonomy":"product_tag","embeddable":true,"href":"https:\/\/newhse.pl\/en\/wp-json\/wp\/v2\/product_tag?post=3794"}],"curies":[{"name":"wp","href":"https:\/\/api.w.org\/{rel}","templated":true}]}}