{"id":2771,"date":"2021-10-20T14:27:49","date_gmt":"2021-10-20T14:27:49","guid":{"rendered":"https:\/\/newhse.pl\/?post_type=product&#038;p=2771"},"modified":"2026-02-04T10:27:17","modified_gmt":"2026-02-04T10:27:17","slug":"nebosh-igc","status":"publish","type":"product","link":"https:\/\/newhse.pl\/en\/shop\/nebosh-igc\/","title":{"rendered":"<b><u>Course<\/u><\/b> NEBOSH International General Certificate Course"},"content":{"rendered":"","protected":false},"excerpt":{"rendered":"\n<div data-woocs-sd='[]' data-woocs-ver='2.4.2.3' style=\"width: auto; max-width: 100%;\" data-woocs-sd-currencies='[{&quot;value&quot;:&quot;USD&quot;,&quot;sign&quot;:&quot;&amp;#36;&quot;,&quot;title&quot;:&quot;USD&quot;,&quot;text&quot;:&quot;dolar&quot;,&quot;img&quot;:&quot;https:\\\/\\\/newhse.pl\\\/wp-content\\\/uploads\\\/2025\\\/02\\\/usd.jpg&quot;,&quot;title_attributes&quot;:{&quot;data-sign&quot;:&quot;&amp;#36;&quot;,&quot;data-name&quot;:&quot;USD&quot;,&quot;data-desc&quot;:&quot;dolar&quot;}},{&quot;value&quot;:&quot;PLN&quot;,&quot;sign&quot;:&quot;&amp;#122;&amp;#322;&quot;,&quot;title&quot;:&quot;PLN&quot;,&quot;text&quot;:&quot;z\\u0142oty&quot;,&quot;img&quot;:&quot;https:\\\/\\\/newhse.pl\\\/wp-content\\\/uploads\\\/2025\\\/02\\\/640px-Flag_of_Poland.svg_.png&quot;,&quot;title_attributes&quot;:{&quot;data-sign&quot;:&quot;&amp;#122;&amp;#322;&quot;,&quot;data-name&quot;:&quot;PLN&quot;,&quot;data-desc&quot;:&quot;z\\u0142oty&quot;}},{&quot;value&quot;:&quot;EUR&quot;,&quot;sign&quot;:&quot;&amp;euro;&quot;,&quot;title&quot;:&quot;EUR&quot;,&quot;text&quot;:&quot;euro&quot;,&quot;img&quot;:&quot;https:\\\/\\\/newhse.pl\\\/wp-content\\\/uploads\\\/2025\\\/02\\\/eur.png&quot;,&quot;title_attributes&quot;:{&quot;data-sign&quot;:&quot;&amp;euro;&quot;,&quot;data-name&quot;:&quot;EUR&quot;,&quot;data-desc&quot;:&quot;euro&quot;}}]'>\n<div class=\"woocs-lds-ellipsis\">\n<div><\/div>\n<div><\/div>\n<div><\/div>\n<div><\/div>\n<\/div>\n<\/div>\n<p><b>NEBOSH IGC<\/b> gwarantuje wysok\u0105 wiedz\u0119 zawodow\u0105 i mo\u017ce by\u0107 wykorzystany jako wst\u0119p do osi\u0105gania wy\u017cszych poziom\u00f3w NEBOSH takich jak <b>NEBOSH Diploma<\/b> oraz osi\u0105gni\u0119cia <u>wielu sukces\u00f3w zawodowych na rynku Polskim oraz mi\u0119dzynarodowym.<\/u><\/p>\n<p><strong>Cena kursu<b>\u00a0<\/b>obejmuje<\/strong>:<\/p>\n<ul>\n<li><b>10 dni kursu NEBOSH IGC w formie szkolenia online z do\u015bwiadczonym wyk\u0142adowc\u0105<\/b>.<\/li>\n<li><b>Drukowana wersja ksi\u0105\u017cki &#8222;International Health and Safety at Work&#8221;<\/b><\/li>\n<li><b>Dost\u0119p do dodatkowych materia\u0142\u00f3w<\/b><\/li>\n<li><b>Mo\u017cliwo\u015b\u0107 zadawania pyta\u0144 i dodatkowych sesji z wyk\u0142adowc\u0105<\/b><\/li>\n<li><b>Poranne sesje powt\u00f3rzeniowe oraz zadania domowe<\/b>,<\/li>\n<li><b>Egzamin pr\u00f3bny po pierwszej cz\u0119\u015bci kursu z opisow\u0105 ocen\u0105 przez wyk\u0142adowc\u0119.<\/b><\/li>\n<li><b>administracja kursu i egzaminu<\/b><\/li>\n<\/ul>\n","protected":false},"featured_media":3739,"comment_status":"open","ping_status":"closed","template":"","meta":{"site-sidebar-layout":"default","site-content-layout":"","ast-site-content-layout":"default","site-content-style":"default","site-sidebar-style":"default","ast-global-header-display":"","ast-banner-title-visibility":"","ast-main-header-display":"","ast-hfb-above-header-display":"","ast-hfb-below-header-display":"","ast-hfb-mobile-header-display":"","site-post-title":"","ast-breadcrumbs-content":"","ast-featured-img":"","footer-sml-layout":"","theme-transparent-header-meta":"default","adv-header-id-meta":"","stick-header-meta":"","header-above-stick-meta":"","header-main-stick-meta":"","header-below-stick-meta":"","astra-migrate-meta-layouts":"set","ast-page-background-enabled":"default","ast-page-background-meta":{"desktop":{"background-color":"var(--ast-global-color-5)","background-image":"","background-repeat":"repeat","background-position":"center center","background-size":"auto","background-attachment":"scroll","background-type":"","background-media":"","overlay-type":"","overlay-color":"","overlay-opacity":"","overlay-gradient":""},"tablet":{"background-color":"","background-image":"","background-repeat":"repeat","background-position":"center center","background-size":"auto","background-attachment":"scroll","background-type":"","background-media":"","overlay-type":"","overlay-color":"","overlay-opacity":"","overlay-gradient":""},"mobile":{"background-color":"","background-image":"","background-repeat":"repeat","background-position":"center center","background-size":"auto","background-attachment":"scroll","background-type":"","background-media":"","overlay-type":"","overlay-color":"","overlay-opacity":"","overlay-gradient":""}},"ast-content-background-meta":{"desktop":{"background-color":"var(--ast-global-color-4)","background-image":"","background-repeat":"repeat","background-position":"center center","background-size":"auto","background-attachment":"scroll","background-type":"","background-media":"","overlay-type":"","overlay-color":"","overlay-opacity":"","overlay-gradient":""},"tablet":{"background-color":"var(--ast-global-color-4)","background-image":"","background-repeat":"repeat","background-position":"center center","background-size":"auto","background-attachment":"scroll","background-type":"","background-media":"","overlay-type":"","overlay-color":"","overlay-opacity":"","overlay-gradient":""},"mobile":{"background-color":"var(--ast-global-color-4)","background-image":"","background-repeat":"repeat","background-position":"center center","background-size":"auto","background-attachment":"scroll","background-type":"","background-media":"","overlay-type":"","overlay-color":"","overlay-opacity":"","overlay-gradient":""}}},"product_brand":[],"product_cat":[41],"product_tag":[96,86,85,84,87],"class_list":{"0":"post-2771","1":"product","2":"type-product","3":"status-publish","4":"has-post-thumbnail","6":"product_cat-nebosh","7":"product_tag-nebosh","8":"product_tag-hse","9":"product_tag-neboshigc","10":"product_tag-newhse","11":"product_tag-safety","12":"desktop-align-left","13":"tablet-align-left","14":"mobile-align-left","16":"first","17":"instock","18":"virtual","19":"taxable","20":"purchasable","21":"product-type-simple"},"yoast_head":"<!-- This site is optimized with the Yoast SEO plugin v27.3 - https:\/\/yoast.com\/product\/yoast-seo-wordpress\/ -->\n<title>Kurs: NEBOSH International General Certificate -<\/title>\n<meta name=\"robots\" content=\"index, follow, max-snippet:-1, max-image-preview:large, max-video-preview:-1\" \/>\n<link rel=\"canonical\" href=\"https:\/\/newhse.pl\/en\/shop\/nebosh-igc\/\" \/>\n<meta property=\"og:locale\" content=\"en_GB\" \/>\n<meta property=\"og:type\" content=\"article\" \/>\n<meta property=\"og:title\" content=\"Kurs: NEBOSH International General Certificate -\" \/>\n<meta property=\"og:description\" content=\"NEBOSH IGC gwarantuje wysok\u0105 wiedz\u0119 zawodow\u0105 i mo\u017ce by\u0107 wykorzystany jako wst\u0119p do osi\u0105gania wy\u017cszych poziom\u00f3w NEBOSH takich jak NEBOSH Diploma oraz osi\u0105gni\u0119cia wielu sukces\u00f3w zawodowych na rynku Polskim oraz mi\u0119dzynarodowym.  Cena kursu\u00a0obejmuje:   10 dni kursu NEBOSH IGC w formie szkolenia online z do\u015bwiadczonym wyk\u0142adowc\u0105.  Drukowana wersja ksi\u0105\u017cki &quot;International Health and Safety at Work&quot;  Dost\u0119p do dodatkowych materia\u0142\u00f3w  Mo\u017cliwo\u015b\u0107 zadawania pyta\u0144 i dodatkowych sesji z wyk\u0142adowc\u0105  Poranne sesje powt\u00f3rzeniowe oraz zadania domowe,  Egzamin pr\u00f3bny po pierwszej cz\u0119\u015bci kursu z opisow\u0105 ocen\u0105 przez wyk\u0142adowc\u0119.  administracja kursu i egzaminu\" \/>\n<meta property=\"og:url\" content=\"https:\/\/newhse.pl\/en\/shop\/nebosh-igc\/\" \/>\n<meta property=\"article:publisher\" content=\"https:\/\/www.facebook.com\/newhse.nebosh\" \/>\n<meta property=\"article:modified_time\" content=\"2026-02-04T10:27:17+00:00\" \/>\n<meta property=\"og:image\" content=\"https:\/\/newhse.pl\/wp-content\/uploads\/2021\/10\/ikony-sklep-2.jpg\" \/>\n\t<meta property=\"og:image:width\" content=\"265\" \/>\n\t<meta property=\"og:image:height\" content=\"265\" \/>\n\t<meta property=\"og:image:type\" content=\"image\/jpeg\" \/>\n<meta name=\"twitter:card\" content=\"summary_large_image\" \/>\n<meta name=\"twitter:label1\" content=\"Estimated reading time\" \/>\n\t<meta name=\"twitter:data1\" content=\"1 minute\" \/>\n<script type=\"application\/ld+json\" class=\"yoast-schema-graph\">{\"@context\":\"https:\\\/\\\/schema.org\",\"@graph\":[{\"@type\":\"WebPage\",\"@id\":\"https:\\\/\\\/newhse.pl\\\/en\\\/shop\\\/nebosh-igc\\\/\",\"url\":\"https:\\\/\\\/newhse.pl\\\/en\\\/shop\\\/nebosh-igc\\\/\",\"name\":\"Kurs: NEBOSH International General Certificate -\",\"isPartOf\":{\"@id\":\"https:\\\/\\\/newhse.pl\\\/en\\\/#website\"},\"primaryImageOfPage\":{\"@id\":\"https:\\\/\\\/newhse.pl\\\/en\\\/shop\\\/nebosh-igc\\\/#primaryimage\"},\"image\":{\"@id\":\"https:\\\/\\\/newhse.pl\\\/en\\\/shop\\\/nebosh-igc\\\/#primaryimage\"},\"thumbnailUrl\":\"https:\\\/\\\/newhse.pl\\\/wp-content\\\/uploads\\\/2021\\\/10\\\/ikony-sklep-2.jpg\",\"datePublished\":\"2021-10-20T14:27:49+00:00\",\"dateModified\":\"2026-02-04T10:27:17+00:00\",\"breadcrumb\":{\"@id\":\"https:\\\/\\\/newhse.pl\\\/en\\\/shop\\\/nebosh-igc\\\/#breadcrumb\"},\"inLanguage\":\"en-GB\",\"potentialAction\":[{\"@type\":\"ReadAction\",\"target\":[\"https:\\\/\\\/newhse.pl\\\/en\\\/shop\\\/nebosh-igc\\\/\"]}]},{\"@type\":\"ImageObject\",\"inLanguage\":\"en-GB\",\"@id\":\"https:\\\/\\\/newhse.pl\\\/en\\\/shop\\\/nebosh-igc\\\/#primaryimage\",\"url\":\"https:\\\/\\\/newhse.pl\\\/wp-content\\\/uploads\\\/2021\\\/10\\\/ikony-sklep-2.jpg\",\"contentUrl\":\"https:\\\/\\\/newhse.pl\\\/wp-content\\\/uploads\\\/2021\\\/10\\\/ikony-sklep-2.jpg\",\"width\":265,\"height\":265},{\"@type\":\"BreadcrumbList\",\"@id\":\"https:\\\/\\\/newhse.pl\\\/en\\\/shop\\\/nebosh-igc\\\/#breadcrumb\",\"itemListElement\":[{\"@type\":\"ListItem\",\"position\":1,\"name\":\"Strona g\u0142\u00f3wna\",\"item\":\"https:\\\/\\\/newhse.pl\\\/\"},{\"@type\":\"ListItem\",\"position\":2,\"name\":\"Sklep\",\"item\":\"https:\\\/\\\/newhse.pl\\\/shop\\\/\"},{\"@type\":\"ListItem\",\"position\":3,\"name\":\"Kurs: NEBOSH International General Certificate\"}]},{\"@type\":\"WebSite\",\"@id\":\"https:\\\/\\\/newhse.pl\\\/en\\\/#website\",\"url\":\"https:\\\/\\\/newhse.pl\\\/en\\\/\",\"name\":\"\",\"description\":\"Journey with C.A.R.E\",\"publisher\":{\"@id\":\"https:\\\/\\\/newhse.pl\\\/en\\\/#organization\"},\"potentialAction\":[{\"@type\":\"SearchAction\",\"target\":{\"@type\":\"EntryPoint\",\"urlTemplate\":\"https:\\\/\\\/newhse.pl\\\/en\\\/?s={search_term_string}\"},\"query-input\":{\"@type\":\"PropertyValueSpecification\",\"valueRequired\":true,\"valueName\":\"search_term_string\"}}],\"inLanguage\":\"en-GB\"},{\"@type\":\"Organization\",\"@id\":\"https:\\\/\\\/newhse.pl\\\/en\\\/#organization\",\"name\":\"NEW HSE Jennet Arshimova\",\"url\":\"https:\\\/\\\/newhse.pl\\\/en\\\/\",\"logo\":{\"@type\":\"ImageObject\",\"inLanguage\":\"en-GB\",\"@id\":\"https:\\\/\\\/newhse.pl\\\/en\\\/#\\\/schema\\\/logo\\\/image\\\/\",\"url\":\"https:\\\/\\\/newhse.pl\\\/wp-content\\\/uploads\\\/2021\\\/02\\\/cropped-NEW-HSE.png\",\"contentUrl\":\"https:\\\/\\\/newhse.pl\\\/wp-content\\\/uploads\\\/2021\\\/02\\\/cropped-NEW-HSE.png\",\"width\":512,\"height\":512,\"caption\":\"NEW HSE Jennet Arshimova\"},\"image\":{\"@id\":\"https:\\\/\\\/newhse.pl\\\/en\\\/#\\\/schema\\\/logo\\\/image\\\/\"},\"sameAs\":[\"https:\\\/\\\/www.facebook.com\\\/newhse.nebosh\",\"https:\\\/\\\/www.linkedin.com\\\/company\\\/newhse\\\/\"]}]}<\/script>\n<!-- \/ Yoast SEO plugin. -->","yoast_head_json":{"title":"Kurs: NEBOSH International General Certificate -","robots":{"index":"index","follow":"follow","max-snippet":"max-snippet:-1","max-image-preview":"max-image-preview:large","max-video-preview":"max-video-preview:-1"},"canonical":"https:\/\/newhse.pl\/en\/shop\/nebosh-igc\/","og_locale":"en_GB","og_type":"article","og_title":"Kurs: NEBOSH International General Certificate -","og_description":"NEBOSH IGC gwarantuje wysok\u0105 wiedz\u0119 zawodow\u0105 i mo\u017ce by\u0107 wykorzystany jako wst\u0119p do osi\u0105gania wy\u017cszych poziom\u00f3w NEBOSH takich jak NEBOSH Diploma oraz osi\u0105gni\u0119cia wielu sukces\u00f3w zawodowych na rynku Polskim oraz mi\u0119dzynarodowym.  Cena kursu\u00a0obejmuje:   10 dni kursu NEBOSH IGC w formie szkolenia online z do\u015bwiadczonym wyk\u0142adowc\u0105.  Drukowana wersja ksi\u0105\u017cki \"International Health and Safety at Work\"  Dost\u0119p do dodatkowych materia\u0142\u00f3w  Mo\u017cliwo\u015b\u0107 zadawania pyta\u0144 i dodatkowych sesji z wyk\u0142adowc\u0105  Poranne sesje powt\u00f3rzeniowe oraz zadania domowe,  Egzamin pr\u00f3bny po pierwszej cz\u0119\u015bci kursu z opisow\u0105 ocen\u0105 przez wyk\u0142adowc\u0119.  administracja kursu i egzaminu","og_url":"https:\/\/newhse.pl\/en\/shop\/nebosh-igc\/","article_publisher":"https:\/\/www.facebook.com\/newhse.nebosh","article_modified_time":"2026-02-04T10:27:17+00:00","og_image":[{"width":265,"height":265,"url":"https:\/\/newhse.pl\/wp-content\/uploads\/2021\/10\/ikony-sklep-2.jpg","type":"image\/jpeg"}],"twitter_card":"summary_large_image","twitter_misc":{"Estimated reading time":"1 minute"},"schema":{"@context":"https:\/\/schema.org","@graph":[{"@type":"WebPage","@id":"https:\/\/newhse.pl\/en\/shop\/nebosh-igc\/","url":"https:\/\/newhse.pl\/en\/shop\/nebosh-igc\/","name":"Kurs: NEBOSH International General Certificate -","isPartOf":{"@id":"https:\/\/newhse.pl\/en\/#website"},"primaryImageOfPage":{"@id":"https:\/\/newhse.pl\/en\/shop\/nebosh-igc\/#primaryimage"},"image":{"@id":"https:\/\/newhse.pl\/en\/shop\/nebosh-igc\/#primaryimage"},"thumbnailUrl":"https:\/\/newhse.pl\/wp-content\/uploads\/2021\/10\/ikony-sklep-2.jpg","datePublished":"2021-10-20T14:27:49+00:00","dateModified":"2026-02-04T10:27:17+00:00","breadcrumb":{"@id":"https:\/\/newhse.pl\/en\/shop\/nebosh-igc\/#breadcrumb"},"inLanguage":"en-GB","potentialAction":[{"@type":"ReadAction","target":["https:\/\/newhse.pl\/en\/shop\/nebosh-igc\/"]}]},{"@type":"ImageObject","inLanguage":"en-GB","@id":"https:\/\/newhse.pl\/en\/shop\/nebosh-igc\/#primaryimage","url":"https:\/\/newhse.pl\/wp-content\/uploads\/2021\/10\/ikony-sklep-2.jpg","contentUrl":"https:\/\/newhse.pl\/wp-content\/uploads\/2021\/10\/ikony-sklep-2.jpg","width":265,"height":265},{"@type":"BreadcrumbList","@id":"https:\/\/newhse.pl\/en\/shop\/nebosh-igc\/#breadcrumb","itemListElement":[{"@type":"ListItem","position":1,"name":"Strona g\u0142\u00f3wna","item":"https:\/\/newhse.pl\/"},{"@type":"ListItem","position":2,"name":"Sklep","item":"https:\/\/newhse.pl\/shop\/"},{"@type":"ListItem","position":3,"name":"Kurs: NEBOSH International General Certificate"}]},{"@type":"WebSite","@id":"https:\/\/newhse.pl\/en\/#website","url":"https:\/\/newhse.pl\/en\/","name":"","description":"Journey with C.A.R.E","publisher":{"@id":"https:\/\/newhse.pl\/en\/#organization"},"potentialAction":[{"@type":"SearchAction","target":{"@type":"EntryPoint","urlTemplate":"https:\/\/newhse.pl\/en\/?s={search_term_string}"},"query-input":{"@type":"PropertyValueSpecification","valueRequired":true,"valueName":"search_term_string"}}],"inLanguage":"en-GB"},{"@type":"Organization","@id":"https:\/\/newhse.pl\/en\/#organization","name":"NEW HSE Jennet Arshimova","url":"https:\/\/newhse.pl\/en\/","logo":{"@type":"ImageObject","inLanguage":"en-GB","@id":"https:\/\/newhse.pl\/en\/#\/schema\/logo\/image\/","url":"https:\/\/newhse.pl\/wp-content\/uploads\/2021\/02\/cropped-NEW-HSE.png","contentUrl":"https:\/\/newhse.pl\/wp-content\/uploads\/2021\/02\/cropped-NEW-HSE.png","width":512,"height":512,"caption":"NEW HSE Jennet Arshimova"},"image":{"@id":"https:\/\/newhse.pl\/en\/#\/schema\/logo\/image\/"},"sameAs":["https:\/\/www.facebook.com\/newhse.nebosh","https:\/\/www.linkedin.com\/company\/newhse\/"]}]}},"_links":{"self":[{"href":"https:\/\/newhse.pl\/en\/wp-json\/wp\/v2\/product\/2771","targetHints":{"allow":["GET"]}}],"collection":[{"href":"https:\/\/newhse.pl\/en\/wp-json\/wp\/v2\/product"}],"about":[{"href":"https:\/\/newhse.pl\/en\/wp-json\/wp\/v2\/types\/product"}],"replies":[{"embeddable":true,"href":"https:\/\/newhse.pl\/en\/wp-json\/wp\/v2\/comments?post=2771"}],"version-history":[{"count":4,"href":"https:\/\/newhse.pl\/en\/wp-json\/wp\/v2\/product\/2771\/revisions"}],"predecessor-version":[{"id":8774,"href":"https:\/\/newhse.pl\/en\/wp-json\/wp\/v2\/product\/2771\/revisions\/8774"}],"wp:featuredmedia":[{"embeddable":true,"href":"https:\/\/newhse.pl\/en\/wp-json\/wp\/v2\/media\/3739"}],"wp:attachment":[{"href":"https:\/\/newhse.pl\/en\/wp-json\/wp\/v2\/media?parent=2771"}],"wp:term":[{"taxonomy":"product_brand","embeddable":true,"href":"https:\/\/newhse.pl\/en\/wp-json\/wp\/v2\/product_brand?post=2771"},{"taxonomy":"product_cat","embeddable":true,"href":"https:\/\/newhse.pl\/en\/wp-json\/wp\/v2\/product_cat?post=2771"},{"taxonomy":"product_tag","embeddable":true,"href":"https:\/\/newhse.pl\/en\/wp-json\/wp\/v2\/product_tag?post=2771"}],"curies":[{"name":"wp","href":"https:\/\/api.w.org\/{rel}","templated":true}]}}